{"id":4365,"date":"2023-06-16T14:53:24","date_gmt":"2023-06-16T12:53:24","guid":{"rendered":"https:\/\/www.minedartenprovence.fr\/?page_id=4365"},"modified":"2025-11-24T08:49:22","modified_gmt":"2025-11-24T07:49:22","slug":"mentions-legales","status":"publish","type":"page","link":"https:\/\/www.minedartenprovence.fr\/index.php\/mentions-legales\/","title":{"rendered":"Mentions l\u00e9gales"},"content":{"rendered":"\t\t<div data-elementor-type=\"wp-page\" data-elementor-id=\"4365\" class=\"elementor elementor-4365\">\n\t\t\t\t\t\t<section class=\"elementor-section elementor-top-section elementor-element elementor-element-611a7158 elementor-section-boxed elementor-section-height-default elementor-section-height-default\" data-id=\"611a7158\" data-element_type=\"section\" data-e-type=\"section\">\n\t\t\t\t\t\t<div class=\"elementor-container elementor-column-gap-default\">\n\t\t\t\t\t<div class=\"elementor-column elementor-col-100 elementor-top-column elementor-element elementor-element-4073073\" data-id=\"4073073\" data-element_type=\"column\" data-e-type=\"column\">\n\t\t\t<div class=\"elementor-widget-wrap elementor-element-populated\">\n\t\t\t\t\t\t<div class=\"elementor-element elementor-element-e115491 elementor-widget elementor-widget-text-editor\" data-id=\"e115491\" data-element_type=\"widget\" data-e-type=\"widget\" data-widget_type=\"text-editor.default\">\n\t\t\t\t<div class=\"elementor-widget-container\">\n\t\t\t\t\t\t\t\t\t<p><span style=\"font-family: Arial, sans-serif; font-size: 12px; font-style: normal; font-variant-ligatures: normal; font-variant-caps: normal; color: #0097b2;\"><b>SIEGE SOCIAL<\/b><\/span><br \/><span style=\"font-family: Arial, sans-serif; font-size: 12px; font-style: normal; font-variant-ligatures: normal; font-variant-caps: normal; color: #oooooo;\"><br \/>Adresse administrative : <br \/>Association Mine d&rsquo;Art en Provence<br \/>Mas de Paracol &#8211; 870 Route de Bras<br \/>83143 LE VAL<\/span><\/p><p><span style=\"font-family: Arial, sans-serif; font-size: 12px; font-style: normal; font-variant-ligatures: normal; font-variant-caps: normal; color: #0097b2;\"><br \/><b>CONTACT<br \/><\/b><\/span><br \/><span style=\"font-family: Arial, sans-serif; font-size: 12px; font-style: normal; font-variant-ligatures: normal; font-variant-caps: normal; color: #000000;\">T\u00e9l\u00e9phone : 06 10 10 17 69<br \/><\/span><span style=\"font-family: Arial, sans-serif; font-size: 12px; font-style: normal; font-variant-ligatures: normal; font-variant-caps: normal; color: #000000;\">Email : <\/span><a style=\"font-family: Arial, sans-serif; font-style: normal; font-variant-ligatures: normal; font-variant-caps: normal; font-weight: 400; background-color: #ffffff; font-size: 12px; text-size-adjust: 100%;\" href=\"mailto:minedartenprovence@gmail.com\" target=\"_blank\" rel=\"noopener\">minedartenprovence@gmail.com<\/a><\/p><p><span style=\"font-family: Arial, sans-serif; font-size: 12px; font-style: normal; font-variant-ligatures: normal; font-variant-caps: normal; color: #0097b2;\"><br \/><b>REPRESENTANT LEGAL<br \/><\/b><\/span><br \/><span style=\"font-family: Arial, sans-serif; font-size: 12px; font-style: normal; font-variant-ligatures: normal; font-variant-caps: normal; color: #000000;\">Association Mine d&rsquo;Art en Provence<\/span><\/p><p><span style=\"font-family: Arial, sans-serif; font-size: 12px; font-style: normal; font-variant-ligatures: normal; font-variant-caps: normal; color: #0097b2;\"><br \/><b>IMMATRICULATION<br \/><\/b><\/span><br \/><span style=\"font-family: Arial, sans-serif; font-size: 12px; font-style: normal; font-variant-ligatures: normal; font-variant-caps: normal; color: #000000;\">Code APE : 9499Z<br \/><\/span><span style=\"font-family: Arial, sans-serif; font-size: 12px; font-style: normal; font-variant-ligatures: normal; font-variant-caps: normal; color: #000000;\">Qualification : Autres organisations fonctionnant par adh\u00e9sion volontaire<\/span><\/p><p><span style=\"font-family: Arial, sans-serif; font-size: 12px; font-style: normal; font-variant-ligatures: normal; font-variant-caps: normal; color: #0097b2;\"><br \/><b>HEBERGEMENT DU SITE WEB<br \/><\/b><\/span><br \/><span style=\"font-family: Arial, sans-serif; font-size: 12px; font-style: normal; font-variant-ligatures: normal; font-variant-caps: normal; color: #000000;\">OVH<br \/><\/span><span style=\"font-family: Arial, sans-serif; font-size: 12px; font-style: normal; font-variant-ligatures: normal; font-variant-caps: normal; color: #000000;\">SAS au capital de 10 000 000 \u20ac<br \/><\/span><span style=\"font-family: Arial, sans-serif; font-size: 12px; font-style: normal; font-variant-ligatures: normal; font-variant-caps: normal; color: #000000;\">RCS Roubaix \u2013 Tourcoing 424 761 419 00045<br \/><\/span><span style=\"font-family: Arial, sans-serif; font-size: 12px; font-style: normal; font-variant-ligatures: normal; font-variant-caps: normal; color: #000000;\">Code APE 6202A<br \/><\/span><span style=\"font-family: Arial, sans-serif; font-size: 12px; font-style: normal; font-variant-ligatures: normal; font-variant-caps: normal; color: #000000;\">N\u00b0 TVA : FR 22 424 761 419<br \/><\/span><br \/><span style=\"font-family: Arial, sans-serif; font-size: 12px; font-style: normal; font-variant-ligatures: normal; font-variant-caps: normal; color: #000000;\">Si\u00e8ge social : 2 rue Kellermann &#8211; 59100 Roubaix &#8211; France.<br \/><\/span><span style=\"font-family: Arial, sans-serif; font-size: 12px; font-style: normal; font-variant-ligatures: normal; font-variant-caps: normal; color: #000000;\">Directeur de la publication : Octave KLABA<\/span><\/p>\t\t\t\t\t\t\t\t<\/div>\n\t\t\t\t<\/div>\n\t\t\t\t\t<\/div>\n\t\t<\/div>\n\t\t\t\t\t<\/div>\n\t\t<\/section>\n\t\t\t\t<\/div>\n\t\t","protected":false},"excerpt":{"rendered":"<p>SIEGE SOCIAL Adresse administrative : Association Mine d&rsquo;Art en ProvenceMas de Paracol &#8211; 870 Route de Bras83143 LE VAL CONTACTT\u00e9l\u00e9phone : 06 10 10 17 69Email : minedartenprovence@gmail.com REPRESENTANT LEGALAssociation Mine d&rsquo;Art en Provence IMMATRICULATIONCode APE : 9499ZQualification : Autres organisations fonctionnant par adh\u00e9sion volontaire HEBERGEMENT DU SITE WEBOVHSAS au capital de 10 000 000 [&hellip;]<\/p>\n","protected":false},"author":2,"featured_media":0,"parent":0,"menu_order":0,"comment_status":"closed","ping_status":"closed","template":"","meta":{"ocean_post_layout":"","ocean_both_sidebars_style":"","ocean_both_sidebars_content_width":0,"ocean_both_sidebars_sidebars_width":0,"ocean_sidebar":"0","ocean_second_sidebar":"0","ocean_disable_margins":"enable","ocean_add_body_class":"","ocean_shortcode_before_top_bar":"","ocean_shortcode_after_top_bar":"","ocean_shortcode_before_header":"","ocean_shortcode_after_header":"","ocean_has_shortcode":"","ocean_shortcode_after_title":"","ocean_shortcode_before_footer_widgets":"","ocean_shortcode_after_footer_widgets":"","ocean_shortcode_before_footer_bottom":"","ocean_shortcode_after_footer_bottom":"","ocean_display_top_bar":"default","ocean_display_header":"default","ocean_header_style":"","ocean_center_header_left_menu":"0","ocean_custom_header_template":"0","ocean_custom_logo":0,"ocean_custom_retina_logo":0,"ocean_custom_logo_max_width":0,"ocean_custom_logo_tablet_max_width":0,"ocean_custom_logo_mobile_max_width":0,"ocean_custom_logo_max_height":0,"ocean_custom_logo_tablet_max_height":0,"ocean_custom_logo_mobile_max_height":0,"ocean_header_custom_menu":"0","ocean_menu_typo_font_family":"0","ocean_menu_typo_font_subset":"","ocean_menu_typo_font_size":0,"ocean_menu_typo_font_size_tablet":0,"ocean_menu_typo_font_size_mobile":0,"ocean_menu_typo_font_size_unit":"px","ocean_menu_typo_font_weight":"","ocean_menu_typo_font_weight_tablet":"","ocean_menu_typo_font_weight_mobile":"","ocean_menu_typo_transform":"","ocean_menu_typo_transform_tablet":"","ocean_menu_typo_transform_mobile":"","ocean_menu_typo_line_height":0,"ocean_menu_typo_line_height_tablet":0,"ocean_menu_typo_line_height_mobile":0,"ocean_menu_typo_line_height_unit":"","ocean_menu_typo_spacing":0,"ocean_menu_typo_spacing_tablet":0,"ocean_menu_typo_spacing_mobile":0,"ocean_menu_typo_spacing_unit":"","ocean_menu_link_color":"","ocean_menu_link_color_hover":"","ocean_menu_link_color_active":"","ocean_menu_link_background":"","ocean_menu_link_hover_background":"","ocean_menu_link_active_background":"","ocean_menu_social_links_bg":"","ocean_menu_social_hover_links_bg":"","ocean_menu_social_links_color":"","ocean_menu_social_hover_links_color":"","ocean_disable_title":"default","ocean_disable_heading":"default","ocean_post_title":"","ocean_post_subheading":"","ocean_post_title_style":"","ocean_post_title_background_color":"","ocean_post_title_background":0,"ocean_post_title_bg_image_position":"","ocean_post_title_bg_image_attachment":"","ocean_post_title_bg_image_repeat":"","ocean_post_title_bg_image_size":"","ocean_post_title_height":0,"ocean_post_title_bg_overlay":0.5,"ocean_post_title_bg_overlay_color":"","ocean_disable_breadcrumbs":"default","ocean_breadcrumbs_color":"","ocean_breadcrumbs_separator_color":"","ocean_breadcrumbs_links_color":"","ocean_breadcrumbs_links_hover_color":"","ocean_display_footer_widgets":"default","ocean_display_footer_bottom":"default","ocean_custom_footer_template":"0","footnotes":""},"class_list":["post-4365","page","type-page","status-publish","hentry","entry"],"yoast_head":"<!-- This site is optimized with the Yoast SEO plugin v27.3 - https:\/\/yoast.com\/product\/yoast-seo-wordpress\/ -->\n<title>Mentions l\u00e9gales - Mine d&#039;Art en Provence<\/title>\n<meta name=\"description\" content=\"Mentions l\u00e9gales de l&#039;Association Mine d&#039;Art en Provence dont l&#039;objet est de promouvoir les m\u00e9tiers d&#039;Art en Provence Verte (PACA - VAR 83\u00b0\" \/>\n<meta name=\"robots\" content=\"index, follow, max-snippet:-1, max-image-preview:large, max-video-preview:-1\" \/>\n<link rel=\"canonical\" href=\"https:\/\/www.minedartenprovence.fr\/index.php\/mentions-legales\/\" \/>\n<meta property=\"og:locale\" content=\"fr_FR\" \/>\n<meta property=\"og:type\" content=\"article\" \/>\n<meta property=\"og:title\" content=\"Mentions l\u00e9gales - Mine d&#039;Art en Provence\" \/>\n<meta property=\"og:description\" content=\"Mentions l\u00e9gales de l&#039;Association Mine d&#039;Art en Provence dont l&#039;objet est de promouvoir les m\u00e9tiers d&#039;Art en Provence Verte (PACA - VAR 83\u00b0\" \/>\n<meta property=\"og:url\" content=\"https:\/\/www.minedartenprovence.fr\/index.php\/mentions-legales\/\" \/>\n<meta property=\"og:site_name\" content=\"Mine d&#039;Art en Provence\" \/>\n<meta property=\"article:publisher\" content=\"https:\/\/www.facebook.com\/profile.php?id=100091328405319\" \/>\n<meta property=\"article:modified_time\" content=\"2025-11-24T07:49:22+00:00\" \/>\n<meta name=\"twitter:card\" content=\"summary_large_image\" \/>\n<meta name=\"twitter:label1\" content=\"Dur\u00e9e de lecture estim\u00e9e\" \/>\n\t<meta name=\"twitter:data1\" content=\"1 minute\" \/>\n<script type=\"application\/ld+json\" class=\"yoast-schema-graph\">{\"@context\":\"https:\\\/\\\/schema.org\",\"@graph\":[{\"@type\":\"WebPage\",\"@id\":\"https:\\\/\\\/www.minedartenprovence.fr\\\/index.php\\\/mentions-legales\\\/\",\"url\":\"https:\\\/\\\/www.minedartenprovence.fr\\\/index.php\\\/mentions-legales\\\/\",\"name\":\"Mentions l\u00e9gales - Mine d&#039;Art en Provence\",\"isPartOf\":{\"@id\":\"https:\\\/\\\/www.minedartenprovence.fr\\\/#website\"},\"datePublished\":\"2023-06-16T12:53:24+00:00\",\"dateModified\":\"2025-11-24T07:49:22+00:00\",\"description\":\"Mentions l\u00e9gales de l'Association Mine d'Art en Provence dont l'objet est de promouvoir les m\u00e9tiers d'Art en Provence Verte (PACA - VAR 83\u00b0\",\"breadcrumb\":{\"@id\":\"https:\\\/\\\/www.minedartenprovence.fr\\\/index.php\\\/mentions-legales\\\/#breadcrumb\"},\"inLanguage\":\"fr-FR\",\"potentialAction\":[{\"@type\":\"ReadAction\",\"target\":[\"https:\\\/\\\/www.minedartenprovence.fr\\\/index.php\\\/mentions-legales\\\/\"]}]},{\"@type\":\"BreadcrumbList\",\"@id\":\"https:\\\/\\\/www.minedartenprovence.fr\\\/index.php\\\/mentions-legales\\\/#breadcrumb\",\"itemListElement\":[{\"@type\":\"ListItem\",\"position\":1,\"name\":\"Accueil\",\"item\":\"https:\\\/\\\/www.minedartenprovence.fr\\\/\"},{\"@type\":\"ListItem\",\"position\":2,\"name\":\"Mentions l\u00e9gales\"}]},{\"@type\":\"WebSite\",\"@id\":\"https:\\\/\\\/www.minedartenprovence.fr\\\/#website\",\"url\":\"https:\\\/\\\/www.minedartenprovence.fr\\\/\",\"name\":\"Mine d&#039;Art en Provence\",\"description\":\"Association des professionnels des m\u00e9tiers d&#039;Art en Provence Verte\",\"publisher\":{\"@id\":\"https:\\\/\\\/www.minedartenprovence.fr\\\/#organization\"},\"potentialAction\":[{\"@type\":\"SearchAction\",\"target\":{\"@type\":\"EntryPoint\",\"urlTemplate\":\"https:\\\/\\\/www.minedartenprovence.fr\\\/?s={search_term_string}\"},\"query-input\":{\"@type\":\"PropertyValueSpecification\",\"valueRequired\":true,\"valueName\":\"search_term_string\"}}],\"inLanguage\":\"fr-FR\"},{\"@type\":\"Organization\",\"@id\":\"https:\\\/\\\/www.minedartenprovence.fr\\\/#organization\",\"name\":\"Mine d'Art en Provence\",\"url\":\"https:\\\/\\\/www.minedartenprovence.fr\\\/\",\"logo\":{\"@type\":\"ImageObject\",\"inLanguage\":\"fr-FR\",\"@id\":\"https:\\\/\\\/www.minedartenprovence.fr\\\/#\\\/schema\\\/logo\\\/image\\\/\",\"url\":\"https:\\\/\\\/www.minedartenprovence.fr\\\/wp-content\\\/uploads\\\/2023\\\/04\\\/logo-minedartenprovence-1.png\",\"contentUrl\":\"https:\\\/\\\/www.minedartenprovence.fr\\\/wp-content\\\/uploads\\\/2023\\\/04\\\/logo-minedartenprovence-1.png\",\"width\":500,\"height\":500,\"caption\":\"Mine d'Art en Provence\"},\"image\":{\"@id\":\"https:\\\/\\\/www.minedartenprovence.fr\\\/#\\\/schema\\\/logo\\\/image\\\/\"},\"sameAs\":[\"https:\\\/\\\/www.facebook.com\\\/profile.php?id=100091328405319\",\"https:\\\/\\\/www.instagram.com\\\/minedartenprovence\\\/\"]}]}<\/script>\n<!-- \/ Yoast SEO plugin. -->","yoast_head_json":{"title":"Mentions l\u00e9gales - Mine d&#039;Art en Provence","description":"Mentions l\u00e9gales de l'Association Mine d'Art en Provence dont l'objet est de promouvoir les m\u00e9tiers d'Art en Provence Verte (PACA - VAR 83\u00b0","robots":{"index":"index","follow":"follow","max-snippet":"max-snippet:-1","max-image-preview":"max-image-preview:large","max-video-preview":"max-video-preview:-1"},"canonical":"https:\/\/www.minedartenprovence.fr\/index.php\/mentions-legales\/","og_locale":"fr_FR","og_type":"article","og_title":"Mentions l\u00e9gales - Mine d&#039;Art en Provence","og_description":"Mentions l\u00e9gales de l'Association Mine d'Art en Provence dont l'objet est de promouvoir les m\u00e9tiers d'Art en Provence Verte (PACA - VAR 83\u00b0","og_url":"https:\/\/www.minedartenprovence.fr\/index.php\/mentions-legales\/","og_site_name":"Mine d&#039;Art en Provence","article_publisher":"https:\/\/www.facebook.com\/profile.php?id=100091328405319","article_modified_time":"2025-11-24T07:49:22+00:00","twitter_card":"summary_large_image","twitter_misc":{"Dur\u00e9e de lecture estim\u00e9e":"1 minute"},"schema":{"@context":"https:\/\/schema.org","@graph":[{"@type":"WebPage","@id":"https:\/\/www.minedartenprovence.fr\/index.php\/mentions-legales\/","url":"https:\/\/www.minedartenprovence.fr\/index.php\/mentions-legales\/","name":"Mentions l\u00e9gales - Mine d&#039;Art en Provence","isPartOf":{"@id":"https:\/\/www.minedartenprovence.fr\/#website"},"datePublished":"2023-06-16T12:53:24+00:00","dateModified":"2025-11-24T07:49:22+00:00","description":"Mentions l\u00e9gales de l'Association Mine d'Art en Provence dont l'objet est de promouvoir les m\u00e9tiers d'Art en Provence Verte (PACA - VAR 83\u00b0","breadcrumb":{"@id":"https:\/\/www.minedartenprovence.fr\/index.php\/mentions-legales\/#breadcrumb"},"inLanguage":"fr-FR","potentialAction":[{"@type":"ReadAction","target":["https:\/\/www.minedartenprovence.fr\/index.php\/mentions-legales\/"]}]},{"@type":"BreadcrumbList","@id":"https:\/\/www.minedartenprovence.fr\/index.php\/mentions-legales\/#breadcrumb","itemListElement":[{"@type":"ListItem","position":1,"name":"Accueil","item":"https:\/\/www.minedartenprovence.fr\/"},{"@type":"ListItem","position":2,"name":"Mentions l\u00e9gales"}]},{"@type":"WebSite","@id":"https:\/\/www.minedartenprovence.fr\/#website","url":"https:\/\/www.minedartenprovence.fr\/","name":"Mine d&#039;Art en Provence","description":"Association des professionnels des m\u00e9tiers d&#039;Art en Provence Verte","publisher":{"@id":"https:\/\/www.minedartenprovence.fr\/#organization"},"potentialAction":[{"@type":"SearchAction","target":{"@type":"EntryPoint","urlTemplate":"https:\/\/www.minedartenprovence.fr\/?s={search_term_string}"},"query-input":{"@type":"PropertyValueSpecification","valueRequired":true,"valueName":"search_term_string"}}],"inLanguage":"fr-FR"},{"@type":"Organization","@id":"https:\/\/www.minedartenprovence.fr\/#organization","name":"Mine d'Art en Provence","url":"https:\/\/www.minedartenprovence.fr\/","logo":{"@type":"ImageObject","inLanguage":"fr-FR","@id":"https:\/\/www.minedartenprovence.fr\/#\/schema\/logo\/image\/","url":"https:\/\/www.minedartenprovence.fr\/wp-content\/uploads\/2023\/04\/logo-minedartenprovence-1.png","contentUrl":"https:\/\/www.minedartenprovence.fr\/wp-content\/uploads\/2023\/04\/logo-minedartenprovence-1.png","width":500,"height":500,"caption":"Mine d'Art en Provence"},"image":{"@id":"https:\/\/www.minedartenprovence.fr\/#\/schema\/logo\/image\/"},"sameAs":["https:\/\/www.facebook.com\/profile.php?id=100091328405319","https:\/\/www.instagram.com\/minedartenprovence\/"]}]}},"_links":{"self":[{"href":"https:\/\/www.minedartenprovence.fr\/index.php\/wp-json\/wp\/v2\/pages\/4365","targetHints":{"allow":["GET"]}}],"collection":[{"href":"https:\/\/www.minedartenprovence.fr\/index.php\/wp-json\/wp\/v2\/pages"}],"about":[{"href":"https:\/\/www.minedartenprovence.fr\/index.php\/wp-json\/wp\/v2\/types\/page"}],"author":[{"embeddable":true,"href":"https:\/\/www.minedartenprovence.fr\/index.php\/wp-json\/wp\/v2\/users\/2"}],"replies":[{"embeddable":true,"href":"https:\/\/www.minedartenprovence.fr\/index.php\/wp-json\/wp\/v2\/comments?post=4365"}],"version-history":[{"count":80,"href":"https:\/\/www.minedartenprovence.fr\/index.php\/wp-json\/wp\/v2\/pages\/4365\/revisions"}],"predecessor-version":[{"id":8317,"href":"https:\/\/www.minedartenprovence.fr\/index.php\/wp-json\/wp\/v2\/pages\/4365\/revisions\/8317"}],"wp:attachment":[{"href":"https:\/\/www.minedartenprovence.fr\/index.php\/wp-json\/wp\/v2\/media?parent=4365"}],"curies":[{"name":"wp","href":"https:\/\/api.w.org\/{rel}","templated":true}]}}